{"id":1167,"date":"2021-04-05T23:22:33","date_gmt":"2021-04-05T21:22:33","guid":{"rendered":"http:\/\/www.associazioneinopera.it\/test\/?page_id=1167"},"modified":"2021-04-26T09:29:30","modified_gmt":"2021-04-26T07:29:30","slug":"teatro","status":"publish","type":"page","link":"https:\/\/www.associazioneinopera.it\/?page_id=1167","title":{"rendered":"Teatro San Donato"},"content":{"rendered":"\n<p>L\u2019Associazione In Opera si \u00e8 fatta da tramite tra la Casa di Reclusione Milano-Opera ed il Comune di San Donato per l\u2019organizzazione di un evento presso il <strong>Teatro Troisi di S. Donato<\/strong>, dove il 10 Maggio 2018 sono state presentate <em>La Patente e la Bellavita<\/em> di Luigi Pirandello. <\/p>\n\n\n\n<figure class=\"wp-block-image size-large\"><img loading=\"lazy\" decoding=\"async\" width=\"683\" height=\"1024\" src=\"https:\/\/www.associazioneinopera.it\/test\/wp-content\/uploads\/2021\/04\/POSTER_S_DONATO_page-0001-683x1024.jpg\" alt=\"\" class=\"wp-image-1314\" srcset=\"https:\/\/www.associazioneinopera.it\/wp-content\/uploads\/2021\/04\/POSTER_S_DONATO_page-0001-683x1024.jpg 683w, https:\/\/www.associazioneinopera.it\/wp-content\/uploads\/2021\/04\/POSTER_S_DONATO_page-0001-200x300.jpg 200w, https:\/\/www.associazioneinopera.it\/wp-content\/uploads\/2021\/04\/POSTER_S_DONATO_page-0001-768x1152.jpg 768w, https:\/\/www.associazioneinopera.it\/wp-content\/uploads\/2021\/04\/POSTER_S_DONATO_page-0001-1024x1536.jpg 1024w, https:\/\/www.associazioneinopera.it\/wp-content\/uploads\/2021\/04\/POSTER_S_DONATO_page-0001-1365x2048.jpg 1365w, https:\/\/www.associazioneinopera.it\/wp-content\/uploads\/2021\/04\/POSTER_S_DONATO_page-0001-1568x2352.jpg 1568w, https:\/\/www.associazioneinopera.it\/wp-content\/uploads\/2021\/04\/POSTER_S_DONATO_page-0001-scaled.jpg 1707w\" sizes=\"auto, (max-width: 683px) 100vw, 683px\" \/><\/figure>\n\n\n\n<p>Lo spettacolo \u00e8 stato messo in scena dal Gruppo di Teatro Terapia della CR di Opera. Il progetto di Teatro Terapia, diretto dal Dr. Guerrieri, \u00e8 indirizzato a persone che desiderano <strong>mettersi in gioco<\/strong> in ambito detentivo sperimentando un nuovo approccio clinico e psicoterapeutico. La possibilit\u00e0 di poter condividere con la comunit\u00e0 di S. Donato i frutti di questa esperienza ha rappresentato per i detenuti e la societ\u00e0 civile <strong>un\u2019occasione di incontro e di dialogo molto preziosa e stimolante.<\/strong><\/p>\n\n\n\n<hr class=\"wp-block-separator\"\/>\n\n\n\n<p class=\"has-text-align-center\"><br><em>Ringraziamo innanzitutto il sindaco Andrea Checchi, l\u2019assessore alla cultura Francesco De Simoni e la Dr.ssa Iris Pontarini, ringraziamo la comunit\u00e0 di S. Donato per l\u2019ospitalit\u00e0 e per la preziosa occasione di incontro offertaci questa sera. Ci preme tantissimo ringraziare La Direzione, l\u2019Area educativa e la Polizia Penitenziaria della Casa di Reclusione di Milano-Opera per aver reso possibile questo evento e per aver accompagnato qui gli attori dello spettacolo di questa sera. Ringraziamo il regista Dr. Guerrieri, che ci spiegher\u00e0 poi brevemente le finalit\u00e0 del progetto di teatro terapia. Un grazie particolare da parte di tutti noi va a Don Luca Giudici, a Claudia, ai ragazzi e alla parrocchia di S. Enrico che in questi mesi, in diverse forme e modi, si sono avvicinati a questa realt\u00e0 importante della citt\u00e0 di Milano e hanno avuto modo di incontrare alcune delle persone che vediamo sul palcoscenico questa sera. Grazie a voi tutti e ai tanti amici che hanno accolto l\u2019invito e sono qui con noi oggi. Mi preme ringraziare tutti voi perch\u00e9 il nostro ritrovarci qui questa sera non \u00e8 per niente scontato. Forse ai pi\u00f9 pu\u00f2 sembrare naturale, quasi banale trascorrere una serata in un teatro. Ma non lo \u00e8. Non lo \u00e8 per niente. Non \u00e8 n\u00e9 ovvio, n\u00e9 scontato, essere qui questa sera. Non lo \u00e8 sicuramente per gli attori, per molti di loro questa \u00e8 la loro prima uscita pubblica dopo tantissimi anni di detenzione, perci\u00f2 per loro oggi \u00e8 un giorno importantissimo. Non lo \u00e8 sicuramente per chi porta la responsabilit\u00e0 e ha a cuore il loro percorso in questo momento particolare e complesso della loro vita, e mi riferisco all\u2019amministrazione penitenziaria, agli educatori e ai volontari. Non \u00e8 scontato ritrovarsi qui oggi per i familiari, che questa sera avranno la gioia e l\u2019emozione di vedere i propri cari nella normalit\u00e0 di un teatro comunale. L\u2019incontro di questa sera nasce da un desiderio, anch\u2019esso non scontato, il desiderio di riannodare da entrambe le parti, quei fili che sono stati bruscamente spezzati il giorno del reato. Un tessuto strappato, che chiede di essere pazientemente ricucito in una nuova trama di relazioni. La serata di questa sera vuole essere un piccolo contributo a quest\u2019opera comune.<\/em><\/p>\n\n\n\n<p class=\"has-text-align-right\">La Presidente di Associazione In Opera<\/p>\n\n\n\n<hr class=\"wp-block-separator\"\/>\n\n\n\n<figure class=\"wp-block-image size-large\"><img loading=\"lazy\" decoding=\"async\" width=\"1024\" height=\"768\" src=\"https:\/\/www.associazioneinopera.it\/test\/wp-content\/uploads\/2021\/04\/IMG-20180511-WA0004-1024x768.jpg\" alt=\"\" class=\"wp-image-1319\" srcset=\"https:\/\/www.associazioneinopera.it\/wp-content\/uploads\/2021\/04\/IMG-20180511-WA0004-1024x768.jpg 1024w, https:\/\/www.associazioneinopera.it\/wp-content\/uploads\/2021\/04\/IMG-20180511-WA0004-300x225.jpg 300w, https:\/\/www.associazioneinopera.it\/wp-content\/uploads\/2021\/04\/IMG-20180511-WA0004-768x576.jpg 768w, https:\/\/www.associazioneinopera.it\/wp-content\/uploads\/2021\/04\/IMG-20180511-WA0004-1536x1152.jpg 1536w, https:\/\/www.associazioneinopera.it\/wp-content\/uploads\/2021\/04\/IMG-20180511-WA0004-1568x1176.jpg 1568w, https:\/\/www.associazioneinopera.it\/wp-content\/uploads\/2021\/04\/IMG-20180511-WA0004.jpg 1600w\" sizes=\"auto, (max-width: 1024px) 100vw, 1024px\" \/><figcaption>Il sindaco Andrea Checchi &#8211; Il dottor Francesco Guerrieri &#8211; La presidente di Associazione In Opera<\/figcaption><\/figure>\n\n\n\n<figure class=\"wp-block-image size-large\"><img loading=\"lazy\" decoding=\"async\" width=\"1024\" height=\"768\" src=\"https:\/\/www.associazioneinopera.it\/test\/wp-content\/uploads\/2021\/04\/IMG-20180513-WA0001.jpg\" alt=\"\" class=\"wp-image-1321\" srcset=\"https:\/\/www.associazioneinopera.it\/wp-content\/uploads\/2021\/04\/IMG-20180513-WA0001.jpg 1024w, https:\/\/www.associazioneinopera.it\/wp-content\/uploads\/2021\/04\/IMG-20180513-WA0001-300x225.jpg 300w, https:\/\/www.associazioneinopera.it\/wp-content\/uploads\/2021\/04\/IMG-20180513-WA0001-768x576.jpg 768w\" sizes=\"auto, (max-width: 1024px) 100vw, 1024px\" \/><figcaption>Gli attori e i tecnici <\/figcaption><\/figure>\n\n\n\n<p><em><a href=\"https:\/\/www.associazioneinopera.it\/wp-content\/uploads\/2021\/04\/Lettera_sindaco.pdf\" data-type=\"URL\" target=\"_blank\" rel=\"noreferrer noopener\">Lettera di ringraziamento dei detenuti al Sindaco<\/a><\/em> <\/p>\n\n\n\n<p><em><a href=\"https:\/\/www.associazioneinopera.it\/wp-content\/uploads\/2021\/04\/articolo-Il-Cittadino-Teatro-Carcere-2.pdf\" data-type=\"URL\" target=\"_blank\" rel=\"noreferrer noopener\">Articolo de Il Cittadino<\/a><\/em><\/p>\n\n\n\n<p><\/p>\n","protected":false},"excerpt":{"rendered":"<p>L\u2019Associazione In Opera si \u00e8 fatta da tramite tra la Casa di Reclusione Milano-Opera ed il Comune di San Donato per l\u2019organizzazione di un evento presso il Teatro Troisi di [&hellip;]<\/p>\n","protected":false},"author":1,"featured_media":0,"parent":0,"menu_order":0,"comment_status":"closed","ping_status":"closed","template":"","meta":{"_EventAllDay":false,"_EventTimezone":"","_EventStartDate":"","_EventEndDate":"","_EventStartDateUTC":"","_EventEndDateUTC":"","_EventShowMap":false,"_EventShowMapLink":false,"_EventURL":"","_EventCost":"","_EventCostDescription":"","_EventCurrencySymbol":"","_EventCurrencyCode":"","_EventCurrencyPosition":"","_EventDateTimeSeparator":"","_EventTimeRangeSeparator":"","_EventOrganizerID":[],"_EventVenueID":[],"_OrganizerEmail":"","_OrganizerPhone":"","_OrganizerWebsite":"","_VenueAddress":"","_VenueCity":"","_VenueCountry":"","_VenueProvince":"","_VenueState":"","_VenueZip":"","_VenuePhone":"","_VenueURL":"","_VenueStateProvince":"","_VenueLat":"","_VenueLng":"","_VenueShowMap":false,"_VenueShowMapLink":false,"footnotes":""},"class_list":["post-1167","page","type-page","status-publish","hentry"],"_links":{"self":[{"href":"https:\/\/www.associazioneinopera.it\/index.php?rest_route=\/wp\/v2\/pages\/1167","targetHints":{"allow":["GET"]}}],"collection":[{"href":"https:\/\/www.associazioneinopera.it\/index.php?rest_route=\/wp\/v2\/pages"}],"about":[{"href":"https:\/\/www.associazioneinopera.it\/index.php?rest_route=\/wp\/v2\/types\/page"}],"author":[{"embeddable":true,"href":"https:\/\/www.associazioneinopera.it\/index.php?rest_route=\/wp\/v2\/users\/1"}],"replies":[{"embeddable":true,"href":"https:\/\/www.associazioneinopera.it\/index.php?rest_route=%2Fwp%2Fv2%2Fcomments&post=1167"}],"version-history":[{"count":23,"href":"https:\/\/www.associazioneinopera.it\/index.php?rest_route=\/wp\/v2\/pages\/1167\/revisions"}],"predecessor-version":[{"id":1520,"href":"https:\/\/www.associazioneinopera.it\/index.php?rest_route=\/wp\/v2\/pages\/1167\/revisions\/1520"}],"wp:attachment":[{"href":"https:\/\/www.associazioneinopera.it\/index.php?rest_route=%2Fwp%2Fv2%2Fmedia&parent=1167"}],"curies":[{"name":"wp","href":"https:\/\/api.w.org\/{rel}","templated":true}]}}