{"id":1839,"date":"2022-07-30T23:01:16","date_gmt":"2022-07-30T21:01:16","guid":{"rendered":"http:\/\/www.associazioneinopera.it\/?page_id=1839"},"modified":"2023-03-14T08:19:13","modified_gmt":"2023-03-14T07:19:13","slug":"eventi-2022","status":"publish","type":"page","link":"https:\/\/www.associazioneinopera.it\/?page_id=1839","title":{"rendered":"Eventi 2022"},"content":{"rendered":"\n<p><strong><mark style=\"background-color:rgba(0, 0, 0, 0)\" class=\"has-inline-color has-gray-color\">5 ottobre 2022: iniziato il laboratorio di ginnastica dolce a Opera<\/mark><\/strong><\/p>\n\n\n\n<p>Da marted\u00ec 5 ottobre 2022 \u00e8 partita l&#8217;attivit\u00e0 di ginnastica dolce e stretching per le persone ultra-cinquantenni, durata 8 settimane e dedicata al II reparto della Casa di reclusione di Opera. <\/p>\n\n\n\n<p>L&#8217;iniziativa \u00e8 nata a seguito dei colloqui intercorsi con alcune persone ristrette, dai quali \u00e8 risultato che le persone over-50 facciano in<br>genere poca attivit\u00e0 fisica, nonostante si trovino nella fascia d\u2019et\u00e0 pi\u00f9 sensibile all\u2019insorgenza di patologie dovute alla sedentariet\u00e0.<br>Il corso \u00e8 tenuto dal Prof. Roberto Toschi, volontario, gi\u00e0 docente di scienze motorie.<\/p>\n\n\n\n<p><\/p>\n\n\n\n<p><strong><mark style=\"background-color:rgba(0, 0, 0, 0)\" class=\"has-inline-color has-gray-color\">24 settembre 2022<\/mark><\/strong><mark style=\"background-color:rgba(0, 0, 0, 0)\" class=\"has-inline-color has-gray-color\">: <strong>Andrea Canteri incontra Papa Francesco<\/strong><\/mark><\/p>\n\n\n\n<p>Sabato 24 settembre 2022, Andrea Canteri ha avuto l&#8217;opportunit\u00e0, datagli dall&#8217;azienda <em>Bee.4 altre menti<\/em> con la quale lavora nel carcere di Bollate, di avere un incontro con Papa Francesco, ad Assisi.&nbsp;<\/p>\n\n\n\n<figure class=\"wp-block-embed is-type-video is-provider-youtube wp-block-embed-youtube wp-embed-aspect-16-9 wp-has-aspect-ratio\"><div class=\"wp-block-embed__wrapper\">\n<iframe loading=\"lazy\" hcb-fetch-image-from=\"https:\/\/www.youtube.com\/watch?v=mJD198fFmJ4\" title=\"INCONTRO CON PAPA FRANCESCO - EoF - ASSISI 2022\" width=\"500\" height=\"281\" src=\"https:\/\/www.youtube.com\/embed\/mJD198fFmJ4?feature=oembed\" frameborder=\"0\" allow=\"accelerometer; autoplay; clipboard-write; encrypted-media; gyroscope; picture-in-picture; web-share\" referrerpolicy=\"strict-origin-when-cross-origin\" allowfullscreen><\/iframe>\n<\/div><\/figure>\n\n\n\n<p><\/p>\n\n\n\n<p><strong><mark style=\"background-color:rgba(0, 0, 0, 0)\" class=\"has-inline-color has-gray-color\">23 luglio 2022: Il Pozzo di Sara<\/mark><\/strong><\/p>\n\n\n\n<p>Dopo un lunghissimo lavoro con Matteo Borsari, supportato dal falegname di <em>Progetto Legno<\/em> Paolo Pasquali, \u00e8 stato realizzato un pozzo in legno, progettato dall\u2019architetto Luigi Leoni e fortemente voluto dal Direttore della Casa di reclusione di Opera Dr. Silvio De Gregorio. L\u2019idea del pozzo \u00e8 quella di offrire alle persone ristrette di Opera uno spazio di condivisione, uno luogo nel quale raccogliere le idee e le proposte per migliorare e prendersi cura degli spazi e delle persone che vivono nella Casa di reclusione di Opera. Il valore del pozzo \u00e8 per tutti: sia per chi vive a Opera, che per chi vive al di l\u00e0 del muro di cinta. E\u2019 per questo che \u00e8 stato dedicato a Sara. Come recita la targa: Sara \u00e8 una giovane sposa, madre di due bambini stupendi. Una combattente. <\/p>\n\n\n\n<p>A lei e a tutti coloro che bevono all\u2019acqua della Speranza dedichiamo<br>questo pozzo.<br>Ringraziamo tutti coloro che hanno generosamente collaborato alla realizzazione del pozzo:<br>Progetto Legno, Galdus, Caparol, F.lli Brumana.<br>Il pozzo \u00e8 stato installato nella prima galleria della CR di Opera il 23 Luglio, alla presenza di un folto gruppo di amici di Sara (in collegamento via Whatapp), dei donatori, dell\u2019architetto Luigi Leoni e di<br>un nutrito gruppo di ristretti del laboratorio Scout Ricostruiamo e di operatori interni.<br>Di seguito alcune foto dell\u2019inaugurazione <\/p>\n\n\n\n<figure class=\"wp-block-image size-large\"><img loading=\"lazy\" decoding=\"async\" width=\"1024\" height=\"683\" src=\"https:\/\/www.associazioneinopera.it\/wp-content\/uploads\/2023\/03\/IMG_4272-1024x683.jpg\" alt=\"\" class=\"wp-image-1878\" srcset=\"https:\/\/www.associazioneinopera.it\/wp-content\/uploads\/2023\/03\/IMG_4272-1024x683.jpg 1024w, https:\/\/www.associazioneinopera.it\/wp-content\/uploads\/2023\/03\/IMG_4272-300x200.jpg 300w, https:\/\/www.associazioneinopera.it\/wp-content\/uploads\/2023\/03\/IMG_4272-768x512.jpg 768w, https:\/\/www.associazioneinopera.it\/wp-content\/uploads\/2023\/03\/IMG_4272-1536x1024.jpg 1536w, https:\/\/www.associazioneinopera.it\/wp-content\/uploads\/2023\/03\/IMG_4272-2048x1365.jpg 2048w, https:\/\/www.associazioneinopera.it\/wp-content\/uploads\/2023\/03\/IMG_4272-1568x1045.jpg 1568w\" sizes=\"auto, (max-width: 1024px) 100vw, 1024px\" \/><\/figure>\n\n\n\n<figure class=\"wp-block-image size-large\"><img loading=\"lazy\" decoding=\"async\" width=\"1024\" height=\"683\" src=\"https:\/\/www.associazioneinopera.it\/wp-content\/uploads\/2023\/03\/IMG_4284-1024x683.jpg\" alt=\"\" class=\"wp-image-1879\" srcset=\"https:\/\/www.associazioneinopera.it\/wp-content\/uploads\/2023\/03\/IMG_4284-1024x683.jpg 1024w, https:\/\/www.associazioneinopera.it\/wp-content\/uploads\/2023\/03\/IMG_4284-300x200.jpg 300w, https:\/\/www.associazioneinopera.it\/wp-content\/uploads\/2023\/03\/IMG_4284-768x512.jpg 768w, https:\/\/www.associazioneinopera.it\/wp-content\/uploads\/2023\/03\/IMG_4284-1536x1024.jpg 1536w, https:\/\/www.associazioneinopera.it\/wp-content\/uploads\/2023\/03\/IMG_4284-2048x1365.jpg 2048w, https:\/\/www.associazioneinopera.it\/wp-content\/uploads\/2023\/03\/IMG_4284-1568x1045.jpg 1568w\" sizes=\"auto, (max-width: 1024px) 100vw, 1024px\" \/><\/figure>\n\n\n\n<figure class=\"wp-block-image size-large\"><img loading=\"lazy\" decoding=\"async\" width=\"1024\" height=\"683\" src=\"https:\/\/www.associazioneinopera.it\/wp-content\/uploads\/2023\/03\/IMG_4301-1024x683.jpg\" alt=\"\" class=\"wp-image-1880\" srcset=\"https:\/\/www.associazioneinopera.it\/wp-content\/uploads\/2023\/03\/IMG_4301-1024x683.jpg 1024w, https:\/\/www.associazioneinopera.it\/wp-content\/uploads\/2023\/03\/IMG_4301-300x200.jpg 300w, https:\/\/www.associazioneinopera.it\/wp-content\/uploads\/2023\/03\/IMG_4301-768x512.jpg 768w, https:\/\/www.associazioneinopera.it\/wp-content\/uploads\/2023\/03\/IMG_4301-1536x1024.jpg 1536w, https:\/\/www.associazioneinopera.it\/wp-content\/uploads\/2023\/03\/IMG_4301-2048x1365.jpg 2048w, https:\/\/www.associazioneinopera.it\/wp-content\/uploads\/2023\/03\/IMG_4301-1568x1045.jpg 1568w\" sizes=\"auto, (max-width: 1024px) 100vw, 1024px\" \/><\/figure>\n\n\n\n<p><\/p>\n\n\n\n<p><strong><mark style=\"background-color:rgba(0, 0, 0, 0)\" class=\"has-inline-color has-gray-color\">25 giugno 2022: <em>Dare Corpo alle Parole<\/em><\/mark><\/strong><\/p>\n\n\n\n<p>Il giorno 25 giugno 2022 si \u00e8 svolto l\u2019ultimo incontro dell\u2019Associazione in Opera prima della pausa estiva. Ospite dell\u2019incontro Carla Chiappini, che ha condotto un laboratorio autobiografico dal titolo \u201cDare Corpo alle Parole\u201d.<br>Carla Chiappini, gi\u00e0 nostra ospite nel settembre 2021, si impegna da pi\u00f9 di 20 anni nella scrittura autobiografica utilizzandola come strumento di aiuto nelle realt\u00e0 carcerarie, \u00e8 inoltre la coordinatrice di un<br>gruppo di detenuti dell\u2019Alta Sicurezza del carcere di Parma, con il quale lavora alla redazione di \u201cRistretti Orizzonti\u201d.<br>Carla, attraverso parole e musica, ci ha accompagnato in un breve\u201cViaggio\u201d autobiografico articolato in tre<br>tappe:<\/p>\n\n\n\n<ol class=\"wp-block-list\">\n<li>Questo tempo\u2026.<\/li>\n\n\n\n<li>Quella domanda troppo difficile<\/li>\n\n\n\n<li>Io mi sento curato quando\u2026<\/li>\n<\/ol>\n\n\n\n<p>Alcune suggestioni per la scrittura sono state date dall\u2019ascolto di alcuni brani musicali tra cui: La cura (F.Battiato), Blowing in the wind (B. Dylan) , C\u2019\u00e8 tempo (I. Fossati).<br>La partecipazione (nonostante il grande caldo) \u00e8 stata molto attiva e in molti hanno desiderato condividere con gli altri i propri scritti. Le due ore di incontro sono volate.<\/p>\n\n\n\n<p><\/p>\n\n\n\n<p><strong><mark style=\"background-color:rgba(0, 0, 0, 0)\" class=\"has-inline-color has-gray-color\">4 maggio 2022: nasce il progetto <em>Raccontare con le immagini<\/em><\/mark><\/strong><\/p>\n\n\n\n<p>I primi di maggio \u00e8 iniziato il progetto <em>Raccontare con le immagini<\/em>, che nasce per coinvolgere i detenuti del secondo reparto della Casa di reclusione di Opera che risultano meno attivi e pi\u00f9 avulsi dalle altre attivit\u00e0 che l&#8217;<em>Associazione In Opera<\/em> organizza. Il progetto prevede due incontri al mese della durata di due ore ciascuno con un gruppo di detenuti con le caratteristiche indicate, scelto dagli educatori di riferimento. Gli incontri prevedono la presentazione al gruppo di una selezione di immagini (fotografie, opere d\u2019arte, immagini iconiche dell\u2019attualit\u00e0 o del passato) utili ad avviare un dialogo che aiuti i detenuti ad aprirsi, a raccontare, ad ascoltare, ad \u201cevadere\u201d con la mente e a ravvivare lo spirito grazie alla compagnia delle volontarie e dei compagni. Si \u00e8 scelto di utilizzare le immagini come punto di partenza per permettere ad un pubblico pi\u00f9 ampio possibile di partecipare: nessun ostacolo di lingua, et\u00e0, livello culturale. <\/p>\n\n\n\n<p><\/p>\n\n\n\n<p><strong><mark style=\"background-color:rgba(0, 0, 0, 0)\" class=\"has-inline-color has-gray-color\">Aprile-maggio 2022: <em>Un\u2019Ape per Amica<\/em><\/mark><\/strong><\/p>\n\n\n\n<p class=\"has-text-align-left\">Grazie alla collaborazione con l\u2019Associazione Tutti gi\u00f9 per Terra Onlus durante i mesi di aprile e maggio 2022 un gruppo di 15 persone ristrette della Casa di reclusione di Opera ha seguito un<br>corso online per apicoltori amatoriali, Un\u2019Ape per Amica. Si tratta di un progetto di inclusione sociale e di tutela dell\u2019ecosistema che mira a<br>promuovere l\u2019attivit\u00e0 dell\u2019apicoltura, a sviluppare una sensibilit\u00e0 per la tutela ambientale e a fornire un\u2019opportunit\u00e0 formativa professionalizzante per le categorie fragili.<br>Il corso di formazione per apicoltori amatoriali si articola in quattro lezioni teoriche (online) della durata di 2 ore ciascuna, durante le quali sono state illustrate le varie fasi di crescita delle api, della produzione del miele e dei prodotti dell\u2019alveare. Al termine delle lezioni teoriche<br>l\u2019istruttore ha fatto un collegamento direttamente dall\u2019 apiario per una lezione pi\u00f9 \u201cpratica\u201d.<br>Il corso ha riscosso molto successo, i partecipanti hanno seguito con interesse le lezioni e nonostante il corso fosse online il dialogo con l\u2019istruttore \u00e8 stato molto vivace ed efficace.<br>Alla fine del ciclo di lezioni i partecipanti hanno ricevuto un attestato di apicoltore amatoriale.<\/p>\n\n\n\n<figure class=\"wp-block-image size-full\"><img loading=\"lazy\" decoding=\"async\" width=\"391\" height=\"119\" src=\"https:\/\/www.associazioneinopera.it\/wp-content\/uploads\/2023\/03\/Schermata-2023-03-13-alle-21.06.40.png\" alt=\"\" class=\"wp-image-1882\" srcset=\"https:\/\/www.associazioneinopera.it\/wp-content\/uploads\/2023\/03\/Schermata-2023-03-13-alle-21.06.40.png 391w, https:\/\/www.associazioneinopera.it\/wp-content\/uploads\/2023\/03\/Schermata-2023-03-13-alle-21.06.40-300x91.png 300w\" sizes=\"auto, (max-width: 391px) 100vw, 391px\" \/><\/figure>\n\n\n\n<p><\/p>\n\n\n\n<p><\/p>\n\n\n\n<p><strong><mark style=\"background-color:rgba(0, 0, 0, 0)\" class=\"has-inline-color has-gray-color\">Aprile 2022: Raccolta Tappi a favore di Fondazione Malattie del Sangue Onlus<\/mark><\/strong><\/p>\n\n\n\n<p>Grazie ad un\u2019idea di alcuni nostri associati, dall\u2019Aprile 2022 nella Casa di reclusione di Opera vengono raccolti regolarmente tutti i tappi di plastica utilizzati, che vengono mandati a ditte specializzate nel loro trattamento e riciclo. L\u2019intero ricavato della raccolta viene speso per progetti di ricerca in campo ematologico sostenuti dalla Fondazione Malattie Del Sangue.<\/p>\n\n\n\n<p>Ogni piano della Casa di reclusione di Opera ha un contenitore dedicato alla raccolta e un responsabile di piano che verifichi che le procedure vengano seguite correttamente.<\/p>\n\n\n\n<p>Un piccolo grande gesto, buono per l\u2019ambiente e per la ricerca!<\/p>\n\n\n\n<figure class=\"wp-block-image size-full\"><img loading=\"lazy\" decoding=\"async\" width=\"660\" height=\"400\" src=\"https:\/\/www.associazioneinopera.it\/wp-content\/uploads\/2023\/03\/opera.jpg\" alt=\"\" class=\"wp-image-1866\" srcset=\"https:\/\/www.associazioneinopera.it\/wp-content\/uploads\/2023\/03\/opera.jpg 660w, https:\/\/www.associazioneinopera.it\/wp-content\/uploads\/2023\/03\/opera-300x182.jpg 300w\" sizes=\"auto, (max-width: 660px) 100vw, 660px\" \/><\/figure>\n\n\n\n<p><\/p>\n\n\n\n<p><strong><mark style=\"background-color:rgba(0, 0, 0, 0)\" class=\"has-inline-color has-gray-color\">9 aprile: proiezione del film <em>Ariaferma<\/em><\/mark><\/strong><\/p>\n\n\n\n<p>Il 9 Aprile nel teatro della Casa di reclusione di Opera abbiamo proiettato il film <em>Ariaferma<\/em> del regista Leonardo Di<br>Costanzo. Alla fine della proiezione si \u00e8 svolto un lungo e sincero dialogo con l\u2019attore Salvatore Striano. Salvatore (detto Sas\u00e0) ci ha raccontato la sua storia: \u00e8 diventato attore dopo un lungo periodo di<br>detenzione, durante il quale ha scoperto la passione per l&#8217;arte drammatica.<br>Di seguito un articolo del nostro associato Alessandro e un articolo del Bullone sull\u2019incontro con Sas\u00e0.<\/p>\n\n\n\n<div data-wp-interactive=\"core\/file\" class=\"wp-block-file\"><object data-wp-bind--hidden=\"!state.hasPdfPreview\" hidden class=\"wp-block-file__embed\" data=\"https:\/\/www.associazioneinopera.it\/wp-content\/uploads\/2023\/03\/articolo_cozzi.pdf\" type=\"application\/pdf\" style=\"width:100%;height:600px\" aria-label=\"Incorporamento di articolo_cozzi.\"><\/object><a id=\"wp-block-file--media-5ac2af5b-2046-45c8-a2a2-0aedc415c968\" href=\"https:\/\/www.associazioneinopera.it\/wp-content\/uploads\/2023\/03\/articolo_cozzi.pdf\">articolo_cozzi<\/a><a href=\"https:\/\/www.associazioneinopera.it\/wp-content\/uploads\/2023\/03\/articolo_cozzi.pdf\" class=\"wp-block-file__button wp-element-button\" download aria-describedby=\"wp-block-file--media-5ac2af5b-2046-45c8-a2a2-0aedc415c968\">Download<\/a><\/div>\n\n\n\n<figure class=\"wp-block-image size-large\"><img loading=\"lazy\" decoding=\"async\" width=\"1024\" height=\"724\" src=\"https:\/\/www.associazioneinopera.it\/wp-content\/uploads\/2023\/03\/sasa_bullone_page-0001-1024x724.jpg\" alt=\"\" class=\"wp-image-1885\" srcset=\"https:\/\/www.associazioneinopera.it\/wp-content\/uploads\/2023\/03\/sasa_bullone_page-0001-1024x724.jpg 1024w, https:\/\/www.associazioneinopera.it\/wp-content\/uploads\/2023\/03\/sasa_bullone_page-0001-300x212.jpg 300w, https:\/\/www.associazioneinopera.it\/wp-content\/uploads\/2023\/03\/sasa_bullone_page-0001-768x543.jpg 768w, https:\/\/www.associazioneinopera.it\/wp-content\/uploads\/2023\/03\/sasa_bullone_page-0001-1536x1085.jpg 1536w, https:\/\/www.associazioneinopera.it\/wp-content\/uploads\/2023\/03\/sasa_bullone_page-0001-1568x1108.jpg 1568w, https:\/\/www.associazioneinopera.it\/wp-content\/uploads\/2023\/03\/sasa_bullone_page-0001.jpg 1755w\" sizes=\"auto, (max-width: 1024px) 100vw, 1024px\" \/><\/figure>\n\n\n\n<p><strong><mark style=\"background-color:rgba(0, 0, 0, 0)\" class=\"has-inline-color has-gray-color\">26 marzo 2022: Inaugurazione Restyling Ludoteca<\/mark><\/strong><\/p>\n\n\n\n<p>Sabato 26 Marzo 2022 \u00e8 stata inaugurata la Ludoteca della CR di Milano-Opera, dopo il <em><a href=\"https:\/\/www.associazioneinopera.it\/?page_id=1830\" data-type=\"page\" data-id=\"1830\">restyling<\/a><\/em> reso possibile grazie alla collaborazione tra la nostra Associazione e il gruppo Scout Talenti all\u2019Opera.<\/p>\n\n\n\n<p>Il gruppo che ha lavorato alla ristrutturazione dello spazio in cui si incontrano i pap\u00e0 con i loro figli, era composto da 20 ospiti della casa di reclusione di Opera appartenenti al Laboratorio <em>Ricostruiamo<\/em> e all\u2019Associazione In Opera. I partecipanti al progetto, coordinati dal nostro infaticabile amico scout Matteo Borsari, hanno lavorato <strong>con entusiasmo e costanza ogni sabato<\/strong> da dopo Natale sino al giorno dell\u2019inaugurazione. Grazie al generoso contributo di ditte e associazioni operanti sul territorio, \u00e8 stato possibile ridipingere la ludoteca, fornirla di nuovi armadi, libri e giochi.&nbsp;<\/p>\n\n\n\n<p>Finalmente <strong>uno spazio allegro e familiare<\/strong> perch\u00e9 i pap\u00e0 possano trascorrere dei momenti di serenit\u00e0 con i bambini!<\/p>\n\n\n\n<p>All\u2019inaugurazione, oltre ai rappresentantii dell\u2019area educativa e della polizia penitenziaria erano presenti tutti coloro che in modi diversi hanno contribuito alla realizzazione del progetto: <em>Ditta DAW Italia, Ditta Grifal, Ditta F.lli Brumana, Ditta Progetto Legno, Rockantina\u2019s friends, Bambini senza Sbarre.<\/em><\/p>\n\n\n\n<p>A tutti loro e agli ospiti di Opera che hanno donato il loro tempo per i pap\u00e0 e i loro piccoli va <strong>un grazie di cuore<\/strong>!<\/p>\n\n\n\n<p><\/p>\n\n\n\n<p><strong><mark style=\"background-color:rgba(0, 0, 0, 0)\" class=\"has-inline-color has-gray-color\">Gennaio-Febbraio 2022: ciclo di Incontri &#8220;Conflitto e fratellanza: dialoghi riparativi&#8221;<\/mark><\/strong><\/p>\n\n\n\n<p>Nei mesi di Gennaio e Febbraio all\u2019interno della CR di Opera \u00e8 continuato il dialogo su <strong>Conflitto e Fratellanza<\/strong> con la Prof. Mazzucato (Universit\u00e0 Cattolica del Sacro Cuore, Milano), i suoi studenti e il Prof. Davide Assael (<a rel=\"noreferrer noopener\" href=\"https:\/\/lechlecha.eu\/\" data-type=\"URL\" data-id=\"https:\/\/lechlecha.eu\/\" target=\"_blank\">Associazione Lech Lech\u00e0<\/a>).&nbsp;<\/p>\n\n\n\n<p>Riportiamo di seguito una breve descrizione del percorso scritta dalla prof. Claudia Mazzucato.<\/p>\n\n\n\n<p>&#8220;I partecipanti agli incontri si sono confrontati sulla fratellanza a partire da una prospettiva sfidante che vede nel fratello e nella sorella i primi \u2018altri\u2019, i primi \u2018stranieri\u2019, talvolta i primi \u2018nemici\u2019. Grazie all\u2019apporto della filosofia e della narrazione, in particolare, della storia di Caino e Abele, la questione dell\u2019aggressivit\u00e0 umana \u00e8 stata avvicinata, <strong>nella dinamica dialogica<\/strong>, attraverso le lenti problematiche dell\u2019invidia, gelosia, superbia, rivalit\u00e0, preferenza e della lotta per il riconoscimento. Il confronto \u00e8 culminato in nuove domande che hanno toccato, fra gli altri, <strong>i temi del limite e della legge, della relazione con gli altri<\/strong> secondo la \u2018giusta\u2019 distanza\/vicinanza, della prevenzione della violenza grazie a un modo maturo e non retorico di intendere e vivere la \u2018fratellanza\u2019 umana. Nell\u2019ultimo dialogo, \u00e8 stato proposto un itinerario di \u2018riparazione\u2019 della fratellanza offesa attraverso altre grandi narrazioni di fratelli (Giacobbe ed Esa\u00f9).\u201d <\/p>\n\n\n\n<figure class=\"wp-block-gallery has-nested-images columns-default is-cropped wp-block-gallery-1 is-layout-flex wp-block-gallery-is-layout-flex\">\n<figure class=\"wp-block-image size-large\"><img loading=\"lazy\" decoding=\"async\" width=\"1024\" height=\"683\" data-id=\"1857\" src=\"https:\/\/www.associazioneinopera.it\/wp-content\/uploads\/2022\/07\/15426852362_864109ea8a_b-3.jpg\" alt=\"\" class=\"wp-image-1857\" srcset=\"https:\/\/www.associazioneinopera.it\/wp-content\/uploads\/2022\/07\/15426852362_864109ea8a_b-3.jpg 1024w, https:\/\/www.associazioneinopera.it\/wp-content\/uploads\/2022\/07\/15426852362_864109ea8a_b-3-300x200.jpg 300w, https:\/\/www.associazioneinopera.it\/wp-content\/uploads\/2022\/07\/15426852362_864109ea8a_b-3-768x512.jpg 768w\" sizes=\"auto, (max-width: 1024px) 100vw, 1024px\" \/><\/figure>\n\n\n\n<figure class=\"wp-block-image size-large\"><img loading=\"lazy\" decoding=\"async\" width=\"545\" height=\"600\" data-id=\"1856\" src=\"https:\/\/www.associazioneinopera.it\/wp-content\/uploads\/2022\/07\/nice-musee-chagall-sacrifice-abraham-2.jpg\" alt=\"\" class=\"wp-image-1856\" srcset=\"https:\/\/www.associazioneinopera.it\/wp-content\/uploads\/2022\/07\/nice-musee-chagall-sacrifice-abraham-2.jpg 545w, https:\/\/www.associazioneinopera.it\/wp-content\/uploads\/2022\/07\/nice-musee-chagall-sacrifice-abraham-2-273x300.jpg 273w\" sizes=\"auto, (max-width: 545px) 100vw, 545px\" \/><\/figure>\n\n\n\n<figure class=\"wp-block-image size-large\"><img loading=\"lazy\" decoding=\"async\" width=\"800\" height=\"381\" data-id=\"1858\" src=\"https:\/\/www.associazioneinopera.it\/wp-content\/uploads\/2022\/07\/800px-Duelo_a_garrotazos_por_Goya.jpg\" alt=\"\" class=\"wp-image-1858\" srcset=\"https:\/\/www.associazioneinopera.it\/wp-content\/uploads\/2022\/07\/800px-Duelo_a_garrotazos_por_Goya.jpg 800w, https:\/\/www.associazioneinopera.it\/wp-content\/uploads\/2022\/07\/800px-Duelo_a_garrotazos_por_Goya-300x143.jpg 300w, https:\/\/www.associazioneinopera.it\/wp-content\/uploads\/2022\/07\/800px-Duelo_a_garrotazos_por_Goya-768x366.jpg 768w\" sizes=\"auto, (max-width: 800px) 100vw, 800px\" \/><\/figure>\n\n\n\n<figure class=\"wp-block-image size-large\"><img loading=\"lazy\" decoding=\"async\" width=\"240\" height=\"210\" data-id=\"1855\" src=\"https:\/\/www.associazioneinopera.it\/wp-content\/uploads\/2022\/07\/metropolitan.jpeg\" alt=\"\" class=\"wp-image-1855\"\/><\/figure>\n<\/figure>\n\n\n\n<p>Al termine dell\u2019incontro gli studenti dell\u2019Universit\u00e0 Cattolica hanno <strong>fatto dono alla biblioteca<\/strong> della CR di Opera di molti testi, tra letteratura scientifica e narrativa, citati durante gli incontri (ad es.&nbsp; <em>Il libro dell\u2019Incontro<\/em> di Claudia Mazzucato, Adolfo Ceretti, Guido Bertagna;. <em>L&#8217; ultima leggenda di Caino<\/em> di Miguel de Unamuno).<\/p>\n\n\n\n<p>Infine, la Prof. Mazzucato ha fatto dono a tutti i partecipanti di una stampa su carta di un<strong>&#8216;immagine artistica rappresentativa del conflitto tra fratelli<\/strong> con recanti sul retro una frase estratta dal ciclo di dialoghi ad opera degli studenti.<\/p>\n","protected":false},"excerpt":{"rendered":"<p>5 ottobre 2022: iniziato il laboratorio di ginnastica dolce a Opera Da marted\u00ec 5 ottobre 2022 \u00e8 partita l&#8217;attivit\u00e0 di ginnastica dolce e stretching per le persone ultra-cinquantenni, durata 8 [&hellip;]<\/p>\n","protected":false},"author":1,"featured_media":0,"parent":0,"menu_order":0,"comment_status":"closed","ping_status":"closed","template":"","meta":{"_EventAllDay":false,"_EventTimezone":"","_EventStartDate":"","_EventEndDate":"","_EventStartDateUTC":"","_EventEndDateUTC":"","_EventShowMap":false,"_EventShowMapLink":false,"_EventURL":"","_EventCost":"","_EventCostDescription":"","_EventCurrencySymbol":"","_EventCurrencyCode":"","_EventCurrencyPosition":"","_EventDateTimeSeparator":"","_EventTimeRangeSeparator":"","_EventOrganizerID":[],"_EventVenueID":[],"_OrganizerEmail":"","_OrganizerPhone":"","_OrganizerWebsite":"","_VenueAddress":"","_VenueCity":"","_VenueCountry":"","_VenueProvince":"","_VenueState":"","_VenueZip":"","_VenuePhone":"","_VenueURL":"","_VenueStateProvince":"","_VenueLat":"","_VenueLng":"","_VenueShowMap":false,"_VenueShowMapLink":false,"footnotes":""},"class_list":["post-1839","page","type-page","status-publish","hentry"],"_links":{"self":[{"href":"https:\/\/www.associazioneinopera.it\/index.php?rest_route=\/wp\/v2\/pages\/1839","targetHints":{"allow":["GET"]}}],"collection":[{"href":"https:\/\/www.associazioneinopera.it\/index.php?rest_route=\/wp\/v2\/pages"}],"about":[{"href":"https:\/\/www.associazioneinopera.it\/index.php?rest_route=\/wp\/v2\/types\/page"}],"author":[{"embeddable":true,"href":"https:\/\/www.associazioneinopera.it\/index.php?rest_route=\/wp\/v2\/users\/1"}],"replies":[{"embeddable":true,"href":"https:\/\/www.associazioneinopera.it\/index.php?rest_route=%2Fwp%2Fv2%2Fcomments&post=1839"}],"version-history":[{"count":24,"href":"https:\/\/www.associazioneinopera.it\/index.php?rest_route=\/wp\/v2\/pages\/1839\/revisions"}],"predecessor-version":[{"id":1891,"href":"https:\/\/www.associazioneinopera.it\/index.php?rest_route=\/wp\/v2\/pages\/1839\/revisions\/1891"}],"wp:attachment":[{"href":"https:\/\/www.associazioneinopera.it\/index.php?rest_route=%2Fwp%2Fv2%2Fmedia&parent=1839"}],"curies":[{"name":"wp","href":"https:\/\/api.w.org\/{rel}","templated":true}]}}