{"id":345,"date":"2021-03-06T16:51:19","date_gmt":"2021-03-06T15:51:19","guid":{"rendered":"http:\/\/www.associazioneinopera.it\/test\/?page_id=345"},"modified":"2023-04-17T12:22:43","modified_gmt":"2023-04-17T10:22:43","slug":"i-nostri-collaboratori","status":"publish","type":"page","link":"https:\/\/www.associazioneinopera.it\/?page_id=345","title":{"rendered":"I nostri collaboratori"},"content":{"rendered":"\n<p class=\"has-text-align-center has-black-color has-text-color\"><strong>In questi anni la nostra Associazione ha avuto il piacere di collaborare con tanti amici, associazioni e istituzioni:<\/strong><\/p>\n\n\n\n<p><\/p>\n\n\n\n<p class=\"has-text-color has-large-font-size\" style=\"color:#f58c02\"><strong>B.livers<\/strong><\/p>\n\n\n\n<p>I <a rel=\"noreferrer noopener\" href=\"https:\/\/bliveworld.org\/\" data-type=\"URL\" data-id=\"https:\/\/bliveworld.org\/\" target=\"_blank\">B.livers<\/a> sono un fantastico gruppo di ragazzi affetti da gravi patologie croniche che attraverso visite in aziende, incontri con imprenditori e percorsi creativi imparano il mestiere della vita e l\u2019arte del fare. Con orgoglio, professionalit\u00e0 e amore producono collezioni di gioielli, borse, bio-cosmesi, canzoni. Opere che danno loro il coraggio di continuare a vivere sperando e costruendo un futuro migliore.<br>Pi\u00f9 volte i B.livers sono venuti a trovarci a Opera per svolgere la riunione di redazione del loro giornale, <a rel=\"noreferrer noopener\" href=\"https:\/\/bliveworld.org\/il-bullone\/il-bullone\/\" data-type=\"URL\" data-id=\"https:\/\/bliveworld.org\/il-bullone\/il-bullone\/\" target=\"_blank\">Il Bullone<\/a>. Gli incontri con loro sono sempre stati un\u2019occasione <strong>di riflessione profonda, di arricchimento reciproco, generosit\u00e0 e buon umore<\/strong>.<br>Neanche il Covid ferma i B.livers: sabato 10 aprile <a href=\"https:\/\/www.corriere.it\/buone-notizie\/21_aprile_19\/i-bliver-incontrano-detenuti-opera-oltre-chemio-sbarre-segno-speranza-dd943bf0-a105-11eb-8f82-b67ef1674282.shtml\" data-type=\"URL\" data-id=\"https:\/\/www.corriere.it\/buone-notizie\/21_aprile_19\/i-bliver-incontrano-detenuti-opera-oltre-chemio-sbarre-segno-speranza-dd943bf0-a105-11eb-8f82-b67ef1674282.shtml\" target=\"_blank\" rel=\"noreferrer noopener\">i B.Livers hanno incontrato sulla piattaforma zoom alcuni dei nostri associati<\/a> riuniti nella biblioteca della Casa di Reclusione di Milano-Opera.                                                               <\/p>\n\n\n\n<p class=\"has-text-color has-large-font-size\" style=\"color:#f58c02\"><strong>Centro di Giustizia Riparativa della Caritas di Bergamo<\/strong><\/p>\n\n\n\n<p>Nel corso di questi anni il nostro amico Giulio Russi del <a rel=\"noreferrer noopener\" href=\"https:\/\/www.caritasbergamo.it\/persona\/giustizia\/centro-giustizia-riparativa\/\" data-type=\"URL\" data-id=\"https:\/\/www.caritasbergamo.it\/persona\/giustizia\/centro-giustizia-riparativa\/\" target=\"_blank\">Centro di Giustizia Riparativa Caritas di Bergamo<\/a> ha partecipato ai nostri incontri a Opera tenendo una serie di incontri dedicati alla <strong>mediazione<\/strong>. Dal canto suo, la nostra associazione, grazie al lavoro volontario di alcuni associati all\u2019interno della Casa di Reclusione di Opera ha trascritto una serie di interviste tenute da Giulio Russi ad autorevoli esperti di Giustizia Riparativa. Le trascrizioni verranno raccolte in una pubblicazione.<\/p>\n\n\n\n<p class=\"has-text-color has-large-font-size\" style=\"color:#f58c02\"><strong>Croce Rossa Italiana Comitato dell\u2019Area Sud Milanese<\/strong><\/p>\n\n\n\n<p>Grazie alla collaborazione con la <a rel=\"noreferrer noopener\" href=\"https:\/\/www.criopera.it\/wp\/\" data-type=\"URL\" data-id=\"https:\/\/www.criopera.it\/wp\/\" target=\"_blank\">Croce Rossa Italiana Comitato dell\u2019Area Sud Milanese<\/a> abbiamo organizzato nel 2019 un corso di primo soccorso (4 Lezioni) per un gruppo di 15 detenuti della Casa di Reclusione di Opera. Nel luglio 2020 Croce Rossa Italiana ha tenuto per i detenuti della CR di Opera una serie di incontri informativi sulle buone prassi di <strong>prevenzione del Covid19<\/strong>.                                                                            Se vuoi saperne di pi\u00f9, <a rel=\"noreferrer noopener\" href=\"https:\/\/www.associazioneinopera.it\/test\/?page_id=843\" data-type=\"page\" data-id=\"843\" target=\"_blank\">clicca qui<\/a>.<\/p>\n\n\n\n<p class=\"has-text-color has-large-font-size\" style=\"color:#f58c02\"><strong>Fondazione Istituto Sacra Famiglia<\/strong><\/p>\n\n\n\n<p>Nel 2019 la nostra associazione ha iniziato a collaborare con Fondazione Istituto Sacra Famiglia per realizzare un progetto di <strong>inclusivit\u00e0 sociale,<\/strong> <a href=\"https:\/\/www.associazioneinopera.it\/?page_id=363\" data-type=\"page\" target=\"_blank\" rel=\"noreferrer noopener\"><em>Legami in Opera<\/em><\/a>, che ha visto come protagonisti 8 ospiti di Sacra Famiglia e 15 detenuti volontari della Casa di Reclusione di Milano-Opera. Il gruppo si \u00e8 incontrato regolarmente all\u2019interno della CR di Milano Opera nel periodo di luglio 2019-febbraio 2020. Il progetto \u00e8 stato interrotto a causa del Covid19; ci auguriamo di poter riprendere presto questa meravigliosa esperienza.<\/p>\n\n\n\n<p class=\"has-text-color has-large-font-size\" style=\"color:#f58c02\"><strong>Parrocchia Sant\u2019Enrico, S. Donato Milanese<\/strong><\/p>\n\n\n\n<p>La parrocchia di Sant\u2019Enrico \u00e8 stata una delle prime realt\u00e0 con le quali abbiamo avuto il piacere di collaborare. Nel 2017, grazie alla disponibilit\u00e0 e all\u2019accoglienza dell\u2019allora parroco Don Luca Giudici, tre membri della nostra Associazione in regime di art.21 si sono recati settimanalmente presso la parrocchia di S. Enrico svolgendo piccole attivit\u00e0 di manutenzione insieme ad alcuni volontari della parrocchia.  Dal 2018 un gruppo di giovani della parrocchia di S. Enrico insieme ai loro educatori partecipa attivamente agli incontri del sabato organizzati dall\u2019Associazione In Opera. La loro presenza ai nostri incontri \u00e8 sempre molto gradita ed \u00e8 una preziosa <strong>occasione di confronto<\/strong>. Speriamo di riprendere presto gli incontri in presenza.<\/p>\n\n\n\n<p class=\"has-text-color has-large-font-size\" style=\"color:#f58c02\"><strong>Progetto Mirasole Impresa Sociale<\/strong><\/p>\n\n\n\n<p>Nel 2018 <a rel=\"noreferrer noopener\" href=\"https:\/\/www.abbaziamirasole.org\/\" data-type=\"URL\" data-id=\"https:\/\/www.abbaziamirasole.org\/\" target=\"_blank\">Progetto Mirasole Impresa Sociale<\/a> ha messo generosamente a disposizione della nostra Associazione un meraviglioso ufficio presso l\u2019Abbazia di Mirasole per realizzare il progetto pilota <a rel=\"noreferrer noopener\" href=\"https:\/\/www.associazioneinopera.it\/test\/?page_id=1124\" data-type=\"page\" data-id=\"1124\" target=\"_blank\">Fast-Telegram<\/a>, un servizio di corrispondenza veloce per i detenuti della casa di Reclusione di Milano-Opera.                                                                                                     In questi anni l&#8217;Abbazia ha accolto alcuni dei nostri Associati in art.21 o in regime di semilibert\u00e0 per svolgere attivit\u00e0 di manutenzione presso l\u2019Abbazia e per la coltivazione dell\u2019orto in collaborazione con Croce Rossa Italiana. Alcuni di loro, oggi, fanno ancora parte dello staff dell\u2019Abbazia che ha saputo valorizzare i loro talenti.                                                                     Se vuoi saperne di pi\u00f9, <a rel=\"noreferrer noopener\" href=\"https:\/\/www.abbaziamirasole.org\/la-storia-di-giovanni\/\" data-type=\"URL\" data-id=\"https:\/\/www.abbaziamirasole.org\/la-storia-di-giovanni\/\" target=\"_blank\">clicca qui<\/a>. <\/p>\n\n\n\n<p class=\"has-text-color has-large-font-size\" style=\"color:#f58c02\"><strong>Talenti all\u2019Opera AGESCI-Rozzano<\/strong><\/p>\n\n\n\n<p>Il gruppo Scout Talenti all\u2019Opera, guidato da Matteo Borsari, da anni ormai, tiene a Opera un eccezionale laboratorio di falegnameria, <em>Ricostruiamo<\/em>. Nel tempo sono stati coinvolti una decina di detenuti che hanno avuto cos\u00ec l\u2019occasione di condividere con altri i propri talenti <strong>a servizio della comunit\u00e0<\/strong>. Grazie alla generosit\u00e0 incontenibile di Matteo, dei membri interni del laboratorio <em>Ricostruiamo<\/em> e dei numerosi contributi di enti privati e imprese, siamo riusciti a portare a termine l\u2019impresa di \u201c<a rel=\"noreferrer noopener\" href=\"https:\/\/www.associazioneinopera.it\/test\/?page_id=364\" data-type=\"page\" data-id=\"364\" target=\"_blank\">restyling<\/a>\u201d della palestra della Casa di Reclusione di Opera.<\/p>\n\n\n\n<p class=\"has-text-color has-large-font-size\" style=\"color:#f58c02\"><strong>Universit\u00e0 Cattolica del Sacro Cuore<\/strong><\/p>\n\n\n\n<p>La nostra Associazione ha avuto il piacere di incontrare pi\u00f9 volte in questi anni la Prof. Claudia Mazzucato e i suoi studenti. Gli incontri sono sempre stati una preziosissima occasione di dialogo e confronto sulla <strong>Giustizia Riparativa<\/strong>. <a href=\"https:\/\/secondotempo.cattolicanews.it\/news-gli-studenti-e-i-detenuti-un-incontro-inaspettato\" data-type=\"URL\" data-id=\"https:\/\/secondotempo.cattolicanews.it\/news-gli-studenti-e-i-detenuti-un-incontro-inaspettato\" target=\"_blank\" rel=\"noreferrer noopener\">L\u2019ultimo incontro<\/a> (a febbraio 2021) dedicato ai \u201cGiusti tra le Nazioni\u201d \u00e8 stato effettuato in tempo di Covid19 grazie ad un collegamento zoom tra l\u2019<a rel=\"noreferrer noopener\" href=\"https:\/\/www.unicatt.it\/\" data-type=\"URL\" data-id=\"https:\/\/www.unicatt.it\/\" target=\"_blank\">Universit\u00e0<\/a> e la Casa di Reclusione di Opera.<\/p>\n\n\n\n<p class=\"has-text-color has-large-font-size\" style=\"color:#f58c02\"><strong>Davide Assael &#8211; Associazione Lech Lech\u00e0<\/strong><\/p>\n\n\n\n<p>Presidente dell&#8217; Associazione \u201c<a href=\"https:\/\/lechlecha.eu\/\">Lech Lech\u00e0, per una filosofia relazionale<\/a>\u201d,&nbsp;ha svolto attivit\u00e0 di ricerca per importanti fondazioni italiane. Da anni \u00e8 una delle voci della trasmissione di RadioRai3&nbsp;<em>Uomini e profeti<\/em>, ed \u00e8 collaboratore della rivista Limes. Tiene&nbsp;lezioni in diverse universit\u00e0, i&nbsp;suoi studi si svolgono sul crinale biblico-filosofico.<\/p>\n","protected":false},"excerpt":{"rendered":"<p>In questi anni la nostra Associazione ha avuto il piacere di collaborare con tanti amici, associazioni e istituzioni: B.livers I B.livers sono un fantastico gruppo di ragazzi affetti da gravi [&hellip;]<\/p>\n","protected":false},"author":1,"featured_media":0,"parent":0,"menu_order":0,"comment_status":"closed","ping_status":"closed","template":"","meta":{"_EventAllDay":false,"_EventTimezone":"","_EventStartDate":"","_EventEndDate":"","_EventStartDateUTC":"","_EventEndDateUTC":"","_EventShowMap":false,"_EventShowMapLink":false,"_EventURL":"","_EventCost":"","_EventCostDescription":"","_EventCurrencySymbol":"","_EventCurrencyCode":"","_EventCurrencyPosition":"","_EventDateTimeSeparator":"","_EventTimeRangeSeparator":"","_EventOrganizerID":[],"_EventVenueID":[],"_OrganizerEmail":"","_OrganizerPhone":"","_OrganizerWebsite":"","_VenueAddress":"","_VenueCity":"","_VenueCountry":"","_VenueProvince":"","_VenueState":"","_VenueZip":"","_VenuePhone":"","_VenueURL":"","_VenueStateProvince":"","_VenueLat":"","_VenueLng":"","_VenueShowMap":false,"_VenueShowMapLink":false,"footnotes":""},"class_list":["post-345","page","type-page","status-publish","hentry"],"_links":{"self":[{"href":"https:\/\/www.associazioneinopera.it\/index.php?rest_route=\/wp\/v2\/pages\/345","targetHints":{"allow":["GET"]}}],"collection":[{"href":"https:\/\/www.associazioneinopera.it\/index.php?rest_route=\/wp\/v2\/pages"}],"about":[{"href":"https:\/\/www.associazioneinopera.it\/index.php?rest_route=\/wp\/v2\/types\/page"}],"author":[{"embeddable":true,"href":"https:\/\/www.associazioneinopera.it\/index.php?rest_route=\/wp\/v2\/users\/1"}],"replies":[{"embeddable":true,"href":"https:\/\/www.associazioneinopera.it\/index.php?rest_route=%2Fwp%2Fv2%2Fcomments&post=345"}],"version-history":[{"count":37,"href":"https:\/\/www.associazioneinopera.it\/index.php?rest_route=\/wp\/v2\/pages\/345\/revisions"}],"predecessor-version":[{"id":1985,"href":"https:\/\/www.associazioneinopera.it\/index.php?rest_route=\/wp\/v2\/pages\/345\/revisions\/1985"}],"wp:attachment":[{"href":"https:\/\/www.associazioneinopera.it\/index.php?rest_route=%2Fwp%2Fv2%2Fmedia&parent=345"}],"curies":[{"name":"wp","href":"https:\/\/api.w.org\/{rel}","templated":true}]}}