{"id":363,"date":"2021-03-06T16:53:49","date_gmt":"2021-03-06T15:53:49","guid":{"rendered":"http:\/\/www.associazioneinopera.it\/test\/?page_id=363"},"modified":"2021-04-27T06:34:42","modified_gmt":"2021-04-27T04:34:42","slug":"legami-allopera-2018-2020","status":"publish","type":"page","link":"https:\/\/www.associazioneinopera.it\/?page_id=363","title":{"rendered":"Legami In Opera"},"content":{"rendered":"\n<p class=\"has-text-align-left has-black-color has-text-color\"><strong><em>Legami In Opera<\/em> 2019\/2020: oltre le barriere della disabilit\u00e0 e i confini del carcere<\/strong><\/p>\n\n\n\n<p>Fondazione Sacra Famiglia, Associazione In Opera e la Casa di Reclusione di Milano-Opera realizzano il primo progetto di <strong>inclusione sociale<\/strong> che coinvolge persone disabili e detenuti. Fondazione Sacra Famiglia, che dal 1896 si prende cura delle persone fragili con complesse o gravi fragilit\u00e0 e disabilit\u00e0 fisiche, psicologiche e sociali, e Associazione in Opera della Casa di reclusione di Milano-Opera hanno dato vita a un progetto unico nel suo genere: Legami in Opera. <\/p>\n\n\n\n<p><strong>Legami in Opera<\/strong> ha visto coinvolti sette uomini tra i 55 e i 70 anni, con difficolt\u00e0 cognitive medio-lievi (e un vissuto decennale in Sacra Famiglia) e 15 detenuti, italiani e stranieri (il pi\u00f9 giovane di 23 anni e il pi\u00f9 anziano di 65): insieme hanno realizzato alcuni strumenti musicali. Il percorso \u00e8 durato da giugno 2019 a dicembre 2020 e si \u00e8 strutturato attraverso una serie di incontri con frequenza settimanale, da giugno a fine ottobre.<\/p>\n\n\n\n<p>Gli strumenti sono stati poi utilizzati durante il Recital di Natale di Sacra Famiglia. Nel corso del progetto le fragilit\u00e0 di ciascuno sono diventate <strong>occasioni<\/strong> <strong>di esperienza e vita comune<\/strong>: l\u2019iniziale \u201clontananza\u201d tra persone disabili e carcerati \u00e8 sparita per fare spazio a canzoni, lavoro insieme e nuove amicizie. I detenuti hanno vissuto l\u2019esperienza in maniera straordinariamente positiva e gli ospiti sono riusciti, grazie all\u2019aiuto di questi nuovi amici, a creare uno strumento musicale bello e vivo.<\/p>\n\n\n\n<p>Ne \u00e8 nata un\u2019esperienza unica e toccante e di questo ringraziamo tutti i partecipanti e la direzione della Casa di Reclusione di Milano-Opera per averci aiutato a realizzarla. Ogni barriera o prigione fisica, psichica e sociale pu\u00f2 essere superata insieme nella <strong>solidariet\u00e0<\/strong> in un progetto comune.<\/p>\n\n\n\n<p>I detenuti, a seguito di questa esperienza hanno scritto diverse lettere, di cui uno stralcio recita: \u201cLo sguardo buono e il sorriso sincero di questi nuovi amici mi ha spiazzato. Prima di conoscerli avevo l\u2019idea che fossero gravemente malati e che questo fatto costituisse un peso schiacciante. Con le mie parole \u201cdi prima\u201d avrei detto che, senza nemmeno un processo, erano stati messi all\u2019ergastolo. E da un ergastolano ti aspetti volto cupo e pensieri oscuri. Invece\u2026\u201d.<\/p>\n\n\n\n<p>Il progetto \u00e8 stato presentato durante <a rel=\"noreferrer noopener\" href=\"https:\/\/www.uneba.org\/progetto-legami-in-opera-uomini-con-disabilita-e-carcerati-creano-insieme\/\" data-type=\"URL\" data-id=\"https:\/\/www.uneba.org\/progetto-legami-in-opera-uomini-con-disabilita-e-carcerati-creano-insieme\/\" target=\"_blank\">il convegno Uneba di Padova \u201cCustodi della fragilit\u00e0\u201d<\/a>.<\/p>\n\n\n\n<figure class=\"wp-block-video\"><video height=\"360\" style=\"aspect-ratio: 640 \/ 360;\" width=\"640\" controls src=\"https:\/\/www.associazioneinopera.it\/wp-content\/uploads\/2021\/03\/Legami-in-Opera.mp4\"><\/video><\/figure>\n\n\n\n<p><\/p>\n","protected":false},"excerpt":{"rendered":"<p>Legami In Opera 2019\/2020: oltre le barriere della disabilit\u00e0 e i confini del carcere Fondazione Sacra Famiglia, Associazione In Opera e la Casa di Reclusione di Milano-Opera realizzano il primo [&hellip;]<\/p>\n","protected":false},"author":1,"featured_media":0,"parent":0,"menu_order":0,"comment_status":"closed","ping_status":"closed","template":"","meta":{"_EventAllDay":false,"_EventTimezone":"","_EventStartDate":"","_EventEndDate":"","_EventStartDateUTC":"","_EventEndDateUTC":"","_EventShowMap":false,"_EventShowMapLink":false,"_EventURL":"","_EventCost":"","_EventCostDescription":"","_EventCurrencySymbol":"","_EventCurrencyCode":"","_EventCurrencyPosition":"","_EventDateTimeSeparator":"","_EventTimeRangeSeparator":"","_EventOrganizerID":[],"_EventVenueID":[],"_OrganizerEmail":"","_OrganizerPhone":"","_OrganizerWebsite":"","_VenueAddress":"","_VenueCity":"","_VenueCountry":"","_VenueProvince":"","_VenueState":"","_VenueZip":"","_VenuePhone":"","_VenueURL":"","_VenueStateProvince":"","_VenueLat":"","_VenueLng":"","_VenueShowMap":false,"_VenueShowMapLink":false,"footnotes":""},"class_list":["post-363","page","type-page","status-publish","hentry"],"_links":{"self":[{"href":"https:\/\/www.associazioneinopera.it\/index.php?rest_route=\/wp\/v2\/pages\/363","targetHints":{"allow":["GET"]}}],"collection":[{"href":"https:\/\/www.associazioneinopera.it\/index.php?rest_route=\/wp\/v2\/pages"}],"about":[{"href":"https:\/\/www.associazioneinopera.it\/index.php?rest_route=\/wp\/v2\/types\/page"}],"author":[{"embeddable":true,"href":"https:\/\/www.associazioneinopera.it\/index.php?rest_route=\/wp\/v2\/users\/1"}],"replies":[{"embeddable":true,"href":"https:\/\/www.associazioneinopera.it\/index.php?rest_route=%2Fwp%2Fv2%2Fcomments&post=363"}],"version-history":[{"count":31,"href":"https:\/\/www.associazioneinopera.it\/index.php?rest_route=\/wp\/v2\/pages\/363\/revisions"}],"predecessor-version":[{"id":1538,"href":"https:\/\/www.associazioneinopera.it\/index.php?rest_route=\/wp\/v2\/pages\/363\/revisions\/1538"}],"wp:attachment":[{"href":"https:\/\/www.associazioneinopera.it\/index.php?rest_route=%2Fwp%2Fv2%2Fmedia&parent=363"}],"curies":[{"name":"wp","href":"https:\/\/api.w.org\/{rel}","templated":true}]}}