{"id":386,"date":"2021-03-06T17:00:58","date_gmt":"2021-03-06T16:00:58","guid":{"rendered":"http:\/\/www.associazioneinopera.it\/test\/?page_id=386"},"modified":"2021-04-27T06:13:58","modified_gmt":"2021-04-27T04:13:58","slug":"lo-statuto","status":"publish","type":"page","link":"https:\/\/www.associazioneinopera.it\/?page_id=386","title":{"rendered":"Lo Statuto"},"content":{"rendered":"\n<p><em><a href=\"https:\/\/www.associazioneinopera.it\/wp-content\/uploads\/2021\/04\/Lo-Statuto-nuovo.pdf\" data-type=\"URL\" target=\"_blank\" rel=\"noreferrer noopener\">Lo Statuto<\/a><\/em><\/p>\n\n\n\n<p>E&#8217; costituita l&#8217;associazione di promozione sociale denominata &#8220;<strong>Associazione In Opera<\/strong>&#8220;. L&#8217;associazione ha sede in Milano e durata di anni 50. <\/p>\n\n\n\n<p>L&#8217;associazione non ha fini di lucro e si propone di svolgere <strong>attivit\u00e0 di formazione ed utilit\u00e0 sociale<\/strong> a favore degli associati e di terzi nel pieno rispetto della libert\u00e0 e dignit\u00e0 degli associati. In particolare, si prefigge di perseguire le seguenti finalit\u00e0: &#8211; organizzare, gestire e coordinare <strong>percorsi di volontariato<\/strong> per persone detenute in carcere, ex detenuti o incensurati che vogliano dedicare parte del loro tempo ad effettuare un percorso di attivit\u00e0 sociali e volontariato, cos\u00ec come peraltro previsto nel dettato dell&#8217;articolo 27 della Costituzione; &#8211; offrire un contributo ed un <strong>percorso di riparazione sociale<\/strong> del danno cagionato alla collettivit\u00e0 attraverso questi progetti di lavoro socialmente utile e di volontariato; &#8211; organizzare <strong>corsi di educazione civica e di legalit\u00e0<\/strong> per i propri associati, per il miglior perseguimento del progetto di lotta alla esclusione sociale e reinserimento nella societ\u00e0 civile soprattutto per coloro che sono detenuti o provengono da una lunga detenzione. <\/p>\n\n\n\n<p>Possono aderire all&#8217;associazione tutte le persone che ne condividano le finalit\u00e0 istituzionali e gli scopi associativi senza alcuna discriminazione di sesso, et\u00e0, lingua, nazionalit\u00e0, religione e ideologia. Tutti gli associati hanno parit\u00e0 di diritti e doveri e il loro numero \u00e8 illimitato. <\/p>\n\n\n\n<p>La qualifica di associato si perde per recesso, esclusione o per decesso.<\/p>\n\n\n\n<p>Gli associati hanno diritto a: &#8211; frequentare i locali dell&#8217;Associazione e partecipare a tutte le iniziative e le manifestazioni promosse dalla stessa; &#8211; partecipare alle assemblee, se in regola con il pagamento della quota associativa annuale, e, se maggiorenni, votare direttamente; &#8211; conoscere i programmi con i quali l&#8217;Associazione intende attuare gli scopi sociali; &#8211; dare le dimissioni, in qualsiasi momento, previa comunicazione scritta al Consiglio Direttivo; &#8211; proporre progetti ed iniziative da sottoporre al Consiglio Direttivo; &#8211; discutere e approvare i rendiconti economici; &#8211; essere informati, e accedere ai documenti e agli atti dell&#8217;Associazione; &#8211; eleggere ed essere eletti membri degli Organismi Dirigenti, se maggiorenni.<\/p>\n\n\n\n<p>Sono organi dell&#8217;Associazione: &#8211; l&#8217;Assemblea degli Associati; &#8211; il Consiglio Direttivo; &#8211; il Presidente. Tutte le cariche associative sono elettive ed hanno durata di un anno. <\/p>\n\n\n\n<p>L&#8217;Assemblea degli Associati \u00e8 il momento fondamentale di confronto, atto ad assicurare una corretta gestione dell&#8217;Associazione ed \u00e8 composta da tutti gli associati ognuno dei quali ha diritto ad un voto, qualunque sia il valore del contributo versato.<\/p>\n\n\n\n<p>Il Consiglio Direttivo \u00e8 composto da un minimo di 3 fino ad un massimo di 5 consiglieri, nominati dall&#8217;assemblea tra i propri soci, preferibilmente da definirsi in numero dispari; il Consiglio Direttivo resta in carica un anno ed i suoi componenti sono rieleggibili. <\/p>\n\n\n\n<p>Il Presidente dell&#8217;Associazione \u00e8 eletto dal Consiglio Direttivo tra i suoi componenti a maggioranza di voti e dura in carica per il periodo di un anno e pu\u00f2 essere rieletto. Ha la firma e la rappresentanza sociale e legale dell&#8217;Associazione nei confronti di terzi in giudizio. <\/p>\n\n\n\n<p>L&#8217;Assemblea pu\u00f2 eleggere un Collegio dei Garanti costituito da tre componenti effettivi e, eventualmente, da due supplenti, scelti anche tra i non associati. Le eventuali sostituzioni di componenti del Collegio, effettuate nel corso dell&#8217;anno, dopo l&#8217;esaurimento dei supplenti, devono essere convalidate dalla prima assemblea convocata successivamente alla nomina. I componenti cos\u00ec nominati scadono con gli altri componenti. <\/p>\n\n\n\n<p>L&#8217;Assemblea pu\u00f2 eleggere un Collegio dei Revisori costituito da tre componenti effettivi e, eventualmente, da due supplenti, scelti anche tra i non associati a, quando la legge lo impone, tra gli iscritti al Registro dei Revisori Contabili. <\/p>\n\n\n\n<p>Il patrimonio sociale dell&#8217;Associazione \u00e8 indivisibile ed \u00e8 costituito da: &#8211; beni mobili e immobili di propriet\u00e0 dell&#8217;Associazione; &#8211; beni di ogni specie acquistati dall&#8217;Associazione sempre destinati alla realizzazione delle sue finalit\u00e0 istituzionali; contributi, erogazioni e lasciti diversi; &#8211; fondo di riserva. Le entrate dell&#8217;Associazione sono costituite da: &#8211; proventi derivanti dal proprio patrimonio; &#8211; eredit\u00e0, donazioni e legati; &#8211; contributi di privati; &#8211; contributi dello Stato, di Enti o di Istituzioni pubbliche anche finalizzati al sostegno di specifici e documentati programmi e realizzati nell&#8217;ambito dei fini statutari; contributi dell&#8217;Unione europea e di organismi internazionali; &#8211; entrate derivanti da convenzioni; &#8211; quote associative annuali ed altri tipi di contributi degli associati; proventi delle cessioni di beni e servizi agli associati e a terzi, anche attraverso lo svolgimento di attivit\u00e0 economiche di natura commerciale, artigianale o agricola, svolte in maniera ausiliaria e sussidiaria e comunque finalizzate al raggiungimento degli obiettivi istituzionali; &#8211; altre entrate compatibili con le finalit\u00e0 sociali dell&#8217;Associazione di promozione sociale. <\/p>\n\n\n\n<p>L&#8217;esercizio sociale decorre dal primo gennaio al trentuno dicembre di ogni anno. <\/p>\n\n\n\n<p><\/p>\n","protected":false},"excerpt":{"rendered":"<p>Lo Statuto E&#8217; costituita l&#8217;associazione di promozione sociale denominata &#8220;Associazione In Opera&#8220;. L&#8217;associazione ha sede in Milano e durata di anni 50. L&#8217;associazione non ha fini di lucro e si [&hellip;]<\/p>\n","protected":false},"author":1,"featured_media":0,"parent":0,"menu_order":0,"comment_status":"closed","ping_status":"closed","template":"","meta":{"_EventAllDay":false,"_EventTimezone":"","_EventStartDate":"","_EventEndDate":"","_EventStartDateUTC":"","_EventEndDateUTC":"","_EventShowMap":false,"_EventShowMapLink":false,"_EventURL":"","_EventCost":"","_EventCostDescription":"","_EventCurrencySymbol":"","_EventCurrencyCode":"","_EventCurrencyPosition":"","_EventDateTimeSeparator":"","_EventTimeRangeSeparator":"","_EventOrganizerID":[],"_EventVenueID":[],"_OrganizerEmail":"","_OrganizerPhone":"","_OrganizerWebsite":"","_VenueAddress":"","_VenueCity":"","_VenueCountry":"","_VenueProvince":"","_VenueState":"","_VenueZip":"","_VenuePhone":"","_VenueURL":"","_VenueStateProvince":"","_VenueLat":"","_VenueLng":"","_VenueShowMap":false,"_VenueShowMapLink":false,"footnotes":""},"class_list":["post-386","page","type-page","status-publish","hentry"],"_links":{"self":[{"href":"https:\/\/www.associazioneinopera.it\/index.php?rest_route=\/wp\/v2\/pages\/386","targetHints":{"allow":["GET"]}}],"collection":[{"href":"https:\/\/www.associazioneinopera.it\/index.php?rest_route=\/wp\/v2\/pages"}],"about":[{"href":"https:\/\/www.associazioneinopera.it\/index.php?rest_route=\/wp\/v2\/types\/page"}],"author":[{"embeddable":true,"href":"https:\/\/www.associazioneinopera.it\/index.php?rest_route=\/wp\/v2\/users\/1"}],"replies":[{"embeddable":true,"href":"https:\/\/www.associazioneinopera.it\/index.php?rest_route=%2Fwp%2Fv2%2Fcomments&post=386"}],"version-history":[{"count":11,"href":"https:\/\/www.associazioneinopera.it\/index.php?rest_route=\/wp\/v2\/pages\/386\/revisions"}],"predecessor-version":[{"id":1530,"href":"https:\/\/www.associazioneinopera.it\/index.php?rest_route=\/wp\/v2\/pages\/386\/revisions\/1530"}],"wp:attachment":[{"href":"https:\/\/www.associazioneinopera.it\/index.php?rest_route=%2Fwp%2Fv2%2Fmedia&parent=386"}],"curies":[{"name":"wp","href":"https:\/\/api.w.org\/{rel}","templated":true}]}}