{"id":876,"date":"2021-03-21T22:29:34","date_gmt":"2021-03-21T21:29:34","guid":{"rendered":"http:\/\/www.associazioneinopera.it\/test\/?page_id=876"},"modified":"2021-04-27T06:32:58","modified_gmt":"2021-04-27T04:32:58","slug":"il-progetto-2","status":"publish","type":"page","link":"https:\/\/www.associazioneinopera.it\/?page_id=876","title":{"rendered":"Il progetto"},"content":{"rendered":"\n<p><strong>Strenna Natalizia per la Palestra della CR di Opera e \u2026oltre\u2026..<\/strong><\/p>\n\n\n\n<p>Il 18 Dicembre 2020 \u00e8 stato un giorno storico per la palestra della Casa di Reclusione di Milano-Opera. Dopo tanti anni \u00e8 stato finalmente possibile rinnovare tutto il parco attrezzi della palestra che era stata in precedenza arredata dalla Fondazione Cannav\u00f2. Questo \u00e8 stato possibile grazie alla&nbsp;<strong>generosissima donazione dell\u2019Universit\u00e0 Bocconi<\/strong>, al supporto organizzativo del gruppo Scout&nbsp;<em>Talenti all\u2019Opera<\/em>&nbsp;e&nbsp;dell\u2019<em>Associazione In Opera<\/em>, alla disponibilit\u00e0 dell\u2019area tecnica della CR di Opera e dei responsabili della palestra.<\/p>\n\n\n\n<p>Ora la palestra dispone di nuovi vogatori, nuove panche,&nbsp;butterflies,&nbsp;scottbench,&nbsp;bike&nbsp;da&nbsp;spinning&nbsp;e da&nbsp;technogym&nbsp;e tante altre diavolerie per i cultori della materia. Un dono di tale entit\u00e0 non arriva tutti i giorni e solo il lavoro di squadra ha fatto s\u00ec che tutto ci\u00f2 fosse possibile. In un periodo cos\u00ec complesso non era certo scontato che questa operazione si potesse realizzare!<\/p>\n\n\n\n<p>Alcuni rappresentanti interni dell\u2019Associazione In Opera e del Gruppo Talenti all\u2019Opera erano presenti il giorno della consegna. Avevano le lacrime agli occhi per la gioia: finalmente uno spazio accogliente e ben attrezzato dove potersi allenare e dove avere un momento di svago e serenit\u00e0! Sar\u00e0 quindi importante trattare il luogo e gli attrezzi con cura, perch\u00e9 un\u2019altra congiuntura astrale di questa portata non si ripeter\u00e0 a breve. Infine, per completare quest\u2019opera di \u201crestyling\u201d, l\u2019Associazione In Opera e Talenti all\u2019Opera si sono occupati della riparazione degli attrezzi che non sono stati dismessi, hanno comprato dei nuovi specchi e hanno donato alla Palestra una struttura in legno (grazie al supporto logistico della ditta&nbsp;<strong>Progetto Legno<\/strong>) &nbsp;nella quale riporre il cambio e altri oggetti prima di entrare in palestra oltre che delle nuove reti da calcetto (importantissime!!).<\/p>\n\n\n\n<p>Ma non finisce qui! Grazie all\u2019opera di&nbsp;<em>scouting&nbsp;<\/em>di Matteo Borsari di Talenti all\u2019Opera (del resto \u00e8 un capo Scout!) siamo riusciti a trovare altre persone, ditte e societ\u00e0 che hanno dato il loro generosissimo contributo al restyling della palestra.<\/p>\n\n\n\n<p>Il mitico brand&nbsp;<strong>LEONE 1947<\/strong>&nbsp;ha regalato 5 nuovi, bellissimi (rossi fiammanti) sacchi da boxe, insieme a numerosi guanti da boxe, paradenti, fasce, scarpette, e corde;&nbsp;<strong>DAW Italia<\/strong>&nbsp;ha fornito la vernice azzurra per riverniciare le pareti della palestra,&nbsp;<strong>la ditta Liuni<\/strong>&nbsp;ha fornito le piastrelle e tutto il necessario per la nuova pavimentazione della palestrina. Insomma, l\u2019operazione \u201crestyling\u201d della palestra \u00e8 stata l\u2019occasione per apprezzare la generosit\u00e0 e la sensibilit\u00e0 di tante persone verso il mondo della reclusione. Sono virt\u00f9 preziosissime e&nbsp; mai scontate, soprattutto in un periodo cos\u00ec complesso come quello che stiamo vivendo.<\/p>\n\n\n\n<p>Aspettiamo dunque di essere tutti vaccinati per fare un torneo di qualsivoglia specialit\u00e0 insieme all\u2019Universit\u00e0 Bocconi, Talenti all\u2019Opera, Associazione In Opera, Leone 1947, DAW Italia, Liuni e CR di Opera per ringraziare e godere insieme di questo meraviglioso dono.<\/p>\n\n\n\n<p>Giovanna &amp; Matteo<\/p>\n\n\n\n<hr class=\"wp-block-separator\"\/>\n\n\n\n<p>a nome di Associazione In Opera e Talenti all\u2019Opera<\/p>\n\n\n\n<p><a href=\"https:\/\/www.associazioneinopera.it\/?page_id=884\" data-type=\"page\" target=\"_blank\" rel=\"noreferrer noopener\"><em>Galleria fotografica<\/em><\/a><\/p>\n\n\n\n<p><em><a href=\"https:\/\/www.associazioneinopera.it\/wp-content\/uploads\/2021\/04\/In-Corso-dOpera-N\u00b01-2021-pagina-16-1.pdf\" data-type=\"URL\" target=\"_blank\" rel=\"noreferrer noopener\">La palestra di Opera torna finalmente a nuovo<\/a> <\/em><\/p>\n","protected":false},"excerpt":{"rendered":"<p>Strenna Natalizia per la Palestra della CR di Opera e \u2026oltre\u2026.. Il 18 Dicembre 2020 \u00e8 stato un giorno storico per la palestra della Casa di Reclusione di Milano-Opera. Dopo [&hellip;]<\/p>\n","protected":false},"author":1,"featured_media":0,"parent":0,"menu_order":0,"comment_status":"closed","ping_status":"closed","template":"","meta":{"_EventAllDay":false,"_EventTimezone":"","_EventStartDate":"","_EventEndDate":"","_EventStartDateUTC":"","_EventEndDateUTC":"","_EventShowMap":false,"_EventShowMapLink":false,"_EventURL":"","_EventCost":"","_EventCostDescription":"","_EventCurrencySymbol":"","_EventCurrencyCode":"","_EventCurrencyPosition":"","_EventDateTimeSeparator":"","_EventTimeRangeSeparator":"","_EventOrganizerID":[],"_EventVenueID":[],"_OrganizerEmail":"","_OrganizerPhone":"","_OrganizerWebsite":"","_VenueAddress":"","_VenueCity":"","_VenueCountry":"","_VenueProvince":"","_VenueState":"","_VenueZip":"","_VenuePhone":"","_VenueURL":"","_VenueStateProvince":"","_VenueLat":"","_VenueLng":"","_VenueShowMap":false,"_VenueShowMapLink":false,"footnotes":""},"class_list":["post-876","page","type-page","status-publish","hentry"],"_links":{"self":[{"href":"https:\/\/www.associazioneinopera.it\/index.php?rest_route=\/wp\/v2\/pages\/876","targetHints":{"allow":["GET"]}}],"collection":[{"href":"https:\/\/www.associazioneinopera.it\/index.php?rest_route=\/wp\/v2\/pages"}],"about":[{"href":"https:\/\/www.associazioneinopera.it\/index.php?rest_route=\/wp\/v2\/types\/page"}],"author":[{"embeddable":true,"href":"https:\/\/www.associazioneinopera.it\/index.php?rest_route=\/wp\/v2\/users\/1"}],"replies":[{"embeddable":true,"href":"https:\/\/www.associazioneinopera.it\/index.php?rest_route=%2Fwp%2Fv2%2Fcomments&post=876"}],"version-history":[{"count":12,"href":"https:\/\/www.associazioneinopera.it\/index.php?rest_route=\/wp\/v2\/pages\/876\/revisions"}],"predecessor-version":[{"id":1537,"href":"https:\/\/www.associazioneinopera.it\/index.php?rest_route=\/wp\/v2\/pages\/876\/revisions\/1537"}],"wp:attachment":[{"href":"https:\/\/www.associazioneinopera.it\/index.php?rest_route=%2Fwp%2Fv2%2Fmedia&parent=876"}],"curies":[{"name":"wp","href":"https:\/\/api.w.org\/{rel}","templated":true}]}}